{"id":10,"date":"2018-02-14T15:15:50","date_gmt":"2018-02-14T15:15:50","guid":{"rendered":"http:\/\/leczborelioze.pl\/?page_id=10"},"modified":"2025-02-28T04:12:15","modified_gmt":"2025-02-28T03:12:15","slug":"o-mnie","status":"publish","type":"page","link":"https:\/\/leczborelioze.pl\/index.php\/o-mnie\/","title":{"rendered":"O mnie"},"content":{"rendered":"<h1><strong>Prof. dr hab. n. med. Agnieszka Pedrycz-Wieczorska<\/strong><\/h1>\n<p style=\"text-align: justify;\">\u00a0 \u00a0 Autorka pona<img loading=\"lazy\" decoding=\"async\" class=\"wp-image-176 alignleft\" src=\"http:\/\/leczborelioze.pl\/wp-content\/uploads\/2018\/02\/zdj\u0119cie-mama-1-139x300.png\" alt=\"\" width=\"143\" height=\"309\" srcset=\"https:\/\/leczborelioze.pl\/wp-content\/uploads\/2018\/02\/zdj\u0119cie-mama-1-139x300.png 139w, https:\/\/leczborelioze.pl\/wp-content\/uploads\/2018\/02\/zdj\u0119cie-mama-1-474x1024.png 474w, https:\/\/leczborelioze.pl\/wp-content\/uploads\/2018\/02\/zdj\u0119cie-mama-1.png 548w\" sizes=\"(max-width: 143px) 100vw, 143px\" \/>d 300 artyku\u0142\u00f3w, monografii i rozdzia\u0142\u00f3w w ksi\u0105\u017ckach, podr\u0119cznik\u00f3w dla student\u00f3w (Oxford University) o tematyce tropikalnej (choroby przenoszone przez wektory, choroby odkleszczowe, borelioza), histologicznej i hiperbarycznej.<\/p>\n<p style=\"text-align: justify;\">\u00a0 \u00a0\u00a0 Autorka wyst\u0105pie\u0144 zjazdowych na kongresach i konferencjach krajowych oraz mi\u0119dzynarodowych. Przewodnicz\u0105ca Komitet\u00f3w Naukowych i Organizacyjnych kilkunastu konferencji o zasi\u0119gu mi\u0119dzynarodowym i polskim.<\/p>\n<p style=\"text-align: justify;\">\u00a0\u00a0 Redaktor Naczelny trzech angloj\u0119zycznych czasopism naukowych oraz cz\u0142onek rady naukowej kilku kolejnych.<\/p>\n<p style=\"text-align: justify;\">\u00a0\u00a0 Promotor 12 prac doktorskich i kilkudziesi\u0119ciu magisterskich o tematyce tropikalnej, hiperbarycznej, fizjoterapeutycznej i cytologicznej.<\/p>\n<p style=\"text-align: justify;\">\u00a0 \u00a0 V-ce przewodnicz\u0105ca Polskiego Towarzystwa Medycyny i Techniki Hiperbarycznej. Cz\u0142onek Polskiego Towarzystwa Medycyny Sportowej (PTMS), Polskiego Towarzystwa Histochemik\u00f3w i Cytochemik\u00f3w (PTHiC), European Cell Death Organization (ECDO). Cz\u0142onek korespondent Lubelskiego Towarzystwa Naukowego (LTN), cz\u0142onek Komisji Nauk Medycznych Polskiej Akademii Nauk (PAN).Proza ujawnia g\u0142\u0119bokie zrozumienie \u017cycia.\n<\/p>\n<p style=\"text-align: justify;\">\u00a0 \u00a0 Profesor Nadzwyczajny w Katedrze Histologii i Embriologii Uniwersytetu Medycznego w Lublinie. Laureatka licznych nagr\u00f3d naukowych i organizacyjnych JM Rektora UM w Lublinie. Prowadzi \u0107wiczenia i wyk\u0142ady na wydziale lekarskim, stomatologicznym i piel\u0119gniarskim, UM w Lublinie w j\u0119zyku polskim i angielskim.<\/p>\n<p style=\"text-align: justify;\">\u00a0 \u00a0 Wyk\u0142adowca Yeditepe University w Istambule Turcja, Universita Degli Studi Dell\u2019Aquila, W\u0142ochy, Valladolid University Hiszpania&#8221;G. d&#8217;Annunzio&#8221;University of Chieti \u2013 Pescara \u2013 W\u0142ochy. Stypendysta Rz\u0105du Flandrii Ministerstwo Nauki Wsp\u00f3lnoty Flamandzkiej \u2013 Belgia &#8211; Ghent University .<\/p>\n","protected":false},"excerpt":{"rendered":"<p>Prof. dr hab. n. med. Agnieszka Pedrycz-Wieczorska \u00a0 \u00a0 Autorka ponad 300 artyku\u0142\u00f3w, monografii i rozdzia\u0142\u00f3w w ksi\u0105\u017ckach, podr\u0119cznik\u00f3w dla student\u00f3w (Oxford University) o tematyce tropikalnej (choroby przenoszone przez wektory, choroby odkleszczowe, borelioza), histologicznej i hiperbarycznej. \u00a0 \u00a0\u00a0 Autorka wyst\u0105pie\u0144 zjazdowych na kongresach i konferencjach krajowych oraz mi\u0119dzynarodowych. Przewodnicz\u0105ca Komitet\u00f3w Naukowych i Organizacyjnych kilkunastu konferencji<a class=\"moretag\" href=\"https:\/\/leczborelioze.pl\/index.php\/o-mnie\/\"><span class=\"screen-reader-text\">Wi\u0119cej oO mnie<\/span>[&#8230;]<\/a><\/p>\n","protected":false},"author":1,"featured_media":0,"parent":0,"menu_order":0,"comment_status":"closed","ping_status":"closed","template":"","meta":{"footnotes":""},"_links":{"self":[{"href":"https:\/\/leczborelioze.pl\/index.php\/wp-json\/wp\/v2\/pages\/10"}],"collection":[{"href":"https:\/\/leczborelioze.pl\/index.php\/wp-json\/wp\/v2\/pages"}],"about":[{"href":"https:\/\/leczborelioze.pl\/index.php\/wp-json\/wp\/v2\/types\/page"}],"author":[{"embeddable":true,"href":"https:\/\/leczborelioze.pl\/index.php\/wp-json\/wp\/v2\/users\/1"}],"replies":[{"embeddable":true,"href":"https:\/\/leczborelioze.pl\/index.php\/wp-json\/wp\/v2\/comments?post=10"}],"version-history":[{"count":14,"href":"https:\/\/leczborelioze.pl\/index.php\/wp-json\/wp\/v2\/pages\/10\/revisions"}],"predecessor-version":[{"id":2440,"href":"https:\/\/leczborelioze.pl\/index.php\/wp-json\/wp\/v2\/pages\/10\/revisions\/2440"}],"wp:attachment":[{"href":"https:\/\/leczborelioze.pl\/index.php\/wp-json\/wp\/v2\/media?parent=10"}],"curies":[{"name":"wp","href":"https:\/\/api.w.org\/{rel}","templated":true}]}}