{"id":12,"date":"2018-02-14T15:15:50","date_gmt":"2018-02-14T15:15:50","guid":{"rendered":"http:\/\/leczborelioze.pl\/?page_id=12"},"modified":"2018-02-24T23:08:51","modified_gmt":"2018-02-24T22:08:51","slug":"o-boreliozie","status":"publish","type":"page","link":"https:\/\/leczborelioze.pl\/index.php\/o-boreliozie\/","title":{"rendered":"O boreliozie"},"content":{"rendered":"<p style=\"text-align: center;\"><strong>Nadal trwaj\u0105 prace nad t\u0105 zak\u0142adk\u0105.<\/strong><\/p>\n<p style=\"text-align: center;\"><strong>Zapraszamy ju\u017c wkr\u00f3tce!<\/strong><\/p>\n<p><img loading=\"lazy\" decoding=\"async\" class=\" wp-image-56 aligncenter\" src=\"http:\/\/leczborelioze.pl\/wp-content\/uploads\/2018\/02\/tapeciarnia.pl-tapeta-droga-wzdluz-ogrodzenia-prowadzaca-do-zabudowan-300x169.jpg\" alt=\"\" width=\"312\" height=\"176\" srcset=\"https:\/\/leczborelioze.pl\/wp-content\/uploads\/2018\/02\/tapeciarnia.pl-tapeta-droga-wzdluz-ogrodzenia-prowadzaca-do-zabudowan-300x169.jpg 300w, https:\/\/leczborelioze.pl\/wp-content\/uploads\/2018\/02\/tapeciarnia.pl-tapeta-droga-wzdluz-ogrodzenia-prowadzaca-do-zabudowan-768x432.jpg 768w, https:\/\/leczborelioze.pl\/wp-content\/uploads\/2018\/02\/tapeciarnia.pl-tapeta-droga-wzdluz-ogrodzenia-prowadzaca-do-zabudowan-1024x576.jpg 1024w, https:\/\/leczborelioze.pl\/wp-content\/uploads\/2018\/02\/tapeciarnia.pl-tapeta-droga-wzdluz-ogrodzenia-prowadzaca-do-zabudowan.jpg 2048w\" sizes=\"(max-width: 312px) 100vw, 312px\" \/><\/p>\n","protected":false},"excerpt":{"rendered":"<p>Nadal trwaj\u0105 prace nad t\u0105 zak\u0142adk\u0105. Zapraszamy ju\u017c wkr\u00f3tce!<\/p>\n","protected":false},"author":1,"featured_media":0,"parent":0,"menu_order":0,"comment_status":"closed","ping_status":"closed","template":"","meta":{"footnotes":""},"_links":{"self":[{"href":"https:\/\/leczborelioze.pl\/index.php\/wp-json\/wp\/v2\/pages\/12"}],"collection":[{"href":"https:\/\/leczborelioze.pl\/index.php\/wp-json\/wp\/v2\/pages"}],"about":[{"href":"https:\/\/leczborelioze.pl\/index.php\/wp-json\/wp\/v2\/types\/page"}],"author":[{"embeddable":true,"href":"https:\/\/leczborelioze.pl\/index.php\/wp-json\/wp\/v2\/users\/1"}],"replies":[{"embeddable":true,"href":"https:\/\/leczborelioze.pl\/index.php\/wp-json\/wp\/v2\/comments?post=12"}],"version-history":[{"count":3,"href":"https:\/\/leczborelioze.pl\/index.php\/wp-json\/wp\/v2\/pages\/12\/revisions"}],"predecessor-version":[{"id":218,"href":"https:\/\/leczborelioze.pl\/index.php\/wp-json\/wp\/v2\/pages\/12\/revisions\/218"}],"wp:attachment":[{"href":"https:\/\/leczborelioze.pl\/index.php\/wp-json\/wp\/v2\/media?parent=12"}],"curies":[{"name":"wp","href":"https:\/\/api.w.org\/{rel}","templated":true}]}}