{"id":13,"date":"2018-02-14T15:15:51","date_gmt":"2018-02-14T15:15:51","guid":{"rendered":"http:\/\/leczborelioze.pl\/?page_id=13"},"modified":"2024-04-21T17:32:18","modified_gmt":"2024-04-21T16:32:18","slug":"zapisz-sie-online","status":"publish","type":"page","link":"https:\/\/leczborelioze.pl\/index.php\/zapisz-sie-online\/","title":{"rendered":"Zapisz si\u0119 online"},"content":{"rendered":"<p><strong>\n<script>\n  if (typeof hasAmeliaEntitiesApiCall === 'undefined' && '' === '') {\n    var hasAmeliaEntitiesApiCall = true;\n  }\n  var ameliaShortcodeData = (typeof ameliaShortcodeData === 'undefined') ? [] : ameliaShortcodeData;\n  ameliaShortcodeData.push(\n    {\n      'hasApiCall': (typeof hasAmeliaEntitiesApiCall !== 'undefined') && hasAmeliaEntitiesApiCall,\n      'trigger': '',\n      'trigger_type': '',\n      'triggered_form': 'cbf',\n      'in_dialog': '',\n      'show': '',\n      'counter': '1000',\n      'package': '',\n      'category': '',\n      'service': '',\n      'employee': '',\n      'location': '',\n      'categories_hidden': ''\n    }\n  );\n  var ameliaShortcodeDataTriggered = (typeof ameliaShortcodeDataTriggered === 'undefined') ? [] : ameliaShortcodeDataTriggered;\n  if (ameliaShortcodeData[ameliaShortcodeData.length - 1].trigger !== '') {\n    if (ameliaShortcodeDataTriggered.filter(a => a.counter === ameliaShortcodeData[ameliaShortcodeData.length - 1].counter).length === 0) {\n      ameliaShortcodeDataTriggered.push(ameliaShortcodeData.pop());\n    } else {\n      ameliaShortcodeData.pop()\n    }\n  }\n  if (typeof hasAmeliaEntitiesApiCall !== 'undefined' && hasAmeliaEntitiesApiCall) {\n    hasAmeliaEntitiesApiCall = false;\n  }\n<\/script>\n\n<div\n  id=\"amelia-v2-booking-1000\"\n  class=\"amelia-v2-booking\"\n>\n    <catalog-form-wrapper><\/catalog-form-wrapper><\/div>\n<\/strong><\/p>\n\n\n<pre class=\"wp-block-preformatted\">Administratorem danych osobowych przes\u0142anych pod ten adres&nbsp; za po\u015brednictwem poczty elektronicznej&nbsp; jest prof. dr hab. n. med. Agnieszka Pedrycz Wieczorska prowadz\u0105ca indywidualn\u0105 praktyk\u0119 lekarsk\u0105 pod nazw\u0105 <strong>HIST-MED. Agnieszka Pedrycz Wieczorska<\/strong> z siedzib\u0105 w Lublinie (20-625) przy ul. Leonarda 5\/34. Szczeg\u00f3\u0142owe informacje dotycz\u0105ce przetwarzania i ochrony danych osobowych znajduj\u0105 si\u0119 <a href=\"https:\/\/leczborelioze.pl\/index.php\/rodo\/\">&lt;tutaj&gt;.<\/a><\/pre>\n","protected":false},"excerpt":{"rendered":"<p>Administratorem danych osobowych przes\u0142anych pod ten adres&nbsp; za po\u015brednictwem poczty elektronicznej&nbsp; jest prof. dr hab. n. med. Agnieszka Pedrycz Wieczorska prowadz\u0105ca indywidualn\u0105 praktyk\u0119 lekarsk\u0105 pod nazw\u0105 HIST-MED. Agnieszka Pedrycz Wieczorska z siedzib\u0105 w Lublinie (20-625) przy ul. Leonarda 5\/34. Szczeg\u00f3\u0142owe informacje dotycz\u0105ce przetwarzania i ochrony danych osobowych znajduj\u0105 si\u0119 &lt;tutaj&gt;.<\/p>\n","protected":false},"author":1,"featured_media":0,"parent":0,"menu_order":0,"comment_status":"closed","ping_status":"closed","template":"","meta":{"footnotes":""},"_links":{"self":[{"href":"https:\/\/leczborelioze.pl\/index.php\/wp-json\/wp\/v2\/pages\/13"}],"collection":[{"href":"https:\/\/leczborelioze.pl\/index.php\/wp-json\/wp\/v2\/pages"}],"about":[{"href":"https:\/\/leczborelioze.pl\/index.php\/wp-json\/wp\/v2\/types\/page"}],"author":[{"embeddable":true,"href":"https:\/\/leczborelioze.pl\/index.php\/wp-json\/wp\/v2\/users\/1"}],"replies":[{"embeddable":true,"href":"https:\/\/leczborelioze.pl\/index.php\/wp-json\/wp\/v2\/comments?post=13"}],"version-history":[{"count":18,"href":"https:\/\/leczborelioze.pl\/index.php\/wp-json\/wp\/v2\/pages\/13\/revisions"}],"predecessor-version":[{"id":2394,"href":"https:\/\/leczborelioze.pl\/index.php\/wp-json\/wp\/v2\/pages\/13\/revisions\/2394"}],"wp:attachment":[{"href":"https:\/\/leczborelioze.pl\/index.php\/wp-json\/wp\/v2\/media?parent=13"}],"curies":[{"name":"wp","href":"https:\/\/api.w.org\/{rel}","templated":true}]}}