{"id":162,"date":"2018-02-17T21:31:46","date_gmt":"2018-02-17T20:31:46","guid":{"rendered":"http:\/\/leczborelioze.pl\/?page_id=162"},"modified":"2018-09-05T19:27:49","modified_gmt":"2018-09-05T18:27:49","slug":"wyklady","status":"publish","type":"page","link":"https:\/\/leczborelioze.pl\/index.php\/wyklady\/","title":{"rendered":"Wyk\u0142ady, artyku\u0142y"},"content":{"rendered":"<div style=\"text-align: center;\"><a href=\"http:\/\/logistykawratownictwie.pl\/wp-content\/uploads\/2018\/08\/PROGRAM-Konferencji-Logistyka-w-Ratownictwie2018.pdf\"><span style=\"color: #666666;\">V Mi\u0119dzynarodowa Konferencja Naukoweja &#8220;<\/span>LOGISTYKA<span style=\"display: inline !important; float: none; background-color: transparent; color: #666666; font-family: 'Open Sans',arial,sans-serif; font-size: 16px; font-size-adjust: none; font-stretch: 100%; font-style: normal; font-variant: normal; font-weight: 300; letter-spacing: normal; line-height: 24px; orphans: 2; text-align: left; text-decoration: none; text-indent: 0px; text-transform: none; -webkit-text-stroke-width: 0px; white-space: normal; word-spacing: 0px;\">\u00a0<\/span>W RATOWNICTWIE&#8221;, kt\u00f3ra w 2018 roku odby\u0142a si\u0119 w Miko\u0142ajkach. Na zje\u017adzie Prof. dr hab. n. med. Agnieszka Pedrycz-Wieczorska wyg\u0142osi\u0142a wyk\u0142ad pt &#8220;Algorytm post\u0119powania po ugryzieniu przez kleszcza&#8221;.<\/a><\/div>\n<div><\/div>\n<div><\/div>\n<div><\/div>\n<div><\/div>\n<div style=\"text-align: center;\"><a style=\"background-attachment: scroll; background-clip: border-box; background-color: #bfe6ff; background-image: none; background-origin: padding-box; background-position-x: 0%; background-position-y: 0%; background-repeat: repeat; background-size: auto; border-bottom-left-radius: 2px; border-bottom-right-radius: 2px; border-top-left-radius: 2px; border-top-right-radius: 2px; box-shadow: 0px 0px 0px 1px #bfe6ff; padding: 0px 2px 0px 2px; margin: 0px -2px 0px -2px;\" href=\"http:\/\/leczborelioze.pl\/wp-content\/uploads\/2018\/06\/depliant-IBRC-2018_bozza-2-1.pdf\">15 Mi\u0119dzynarodowa Konferencja Biophilia Rehabilitation Conference, na kt\u00f3rej <\/a><\/div>\n<div style=\"text-align: center;\"><a href=\"http:\/\/leczborelioze.pl\/wp-content\/uploads\/2018\/06\/depliant-IBRC-2018_bozza-2-1.pdf\">Prof. dr hab. n. med. Agnieszka Pedrycz-Wieczorska wyg\u0142osia wyk\u0142ad o tematyce zwi\u0105zanej z borelioz\u0105.<\/a><\/div>\n<p style=\"text-align: center;\"><a href=\"http:\/\/leczborelioze.pl\/wp-content\/uploads\/2018\/03\/HPC_Art_30335-101.pdf\">Artyku\u0142 &#8220;ANALIZA METOD U\u017bYWANYCH W DIAGNOSTYCE BORELIOZY \u2013 CHOROBY Z LYME&#8221; Autor: Prof. dr hab. n. med. Agnieszka Pedrycz-Wieczorska<\/a><\/p>\n<p style=\"text-align: center;\"><a href=\"http:\/\/leczborelioze.pl\/wp-content\/uploads\/2018\/06\/2018-VI-Zaproszenie-na-szkolenie.pdf\">Zaproszenie na wyk\u0142ad \u201eBorelioza, a kleszczowe zapalenie m\u00f3zgu\u201d dla lekarzy i piel\u0119gniarek z zakresu medycyny pracy. Szkolenie prowadzi\u0142a Prof. dr hab. n. med. Agnieszka Pedrycz-Wieczorska<\/a><\/p>\n<div style=\"text-align: center;\"><\/div>\n<div id='gallery-1' class='gallery galleryid-162 gallery-columns-3 gallery-size-full'><figure class='gallery-item'>\n\t\t\t<div class='gallery-icon landscape'>\n\t\t\t\t<a href='https:\/\/leczborelioze.pl\/index.php\/wyklady\/nowe-spojrzenie-na-borelioze-wyklad-otwarty-w-panstwowej-szkole-wyzszej-w-bialej-podlaskiej\/'><img loading=\"lazy\" decoding=\"async\" width=\"690\" height=\"300\" src=\"https:\/\/leczborelioze.pl\/wp-content\/uploads\/2018\/02\/Nowe-spojrzenie-na-borelioze-wyk\u0142ad-otwarty-w-Pa\u0144stwowej-Szkole-Wy\u017cszej-w-Bia\u0142ej-Podlaskiej.jpg\" class=\"attachment-full size-full\" alt=\"\" aria-describedby=\"gallery-1-197\" srcset=\"https:\/\/leczborelioze.pl\/wp-content\/uploads\/2018\/02\/Nowe-spojrzenie-na-borelioze-wyk\u0142ad-otwarty-w-Pa\u0144stwowej-Szkole-Wy\u017cszej-w-Bia\u0142ej-Podlaskiej.jpg 690w, https:\/\/leczborelioze.pl\/wp-content\/uploads\/2018\/02\/Nowe-spojrzenie-na-borelioze-wyk\u0142ad-otwarty-w-Pa\u0144stwowej-Szkole-Wy\u017cszej-w-Bia\u0142ej-Podlaskiej-300x130.jpg 300w\" sizes=\"(max-width: 690px) 100vw, 690px\" \/><\/a>\n\t\t\t<\/div>\n\t\t\t\t<figcaption class='wp-caption-text gallery-caption' id='gallery-1-197'>\n\t\t\t\t&#8220;Nowe spojrzenie na borelioz\u0119&#8221; &#8211; wyk\u0142ad otwarty w Pa\u0144stwowej Szkole Wy\u017cszej w Bia\u0142ej Podlaskiej\n\t\t\t\t<\/figcaption><\/figure><figure class='gallery-item'>\n\t\t\t<div class='gallery-icon landscape'>\n\t\t\t\t<a href='https:\/\/leczborelioze.pl\/index.php\/wyklady\/jak-rozpoznac-borelioze-wyklad-otwarty-w-panstwowej-szkole-wyzszej-w-bialej-podlaskiej\/'><img loading=\"lazy\" decoding=\"async\" width=\"690\" height=\"300\" src=\"https:\/\/leczborelioze.pl\/wp-content\/uploads\/2018\/02\/Jak-rozpozna\u0107-borelioze-wyk\u0142ad-otwarty-w-Pa\u0144stwowej-Szkole-Wy\u017cszej-w-Bia\u0142ej-Podlaskiej..jpg\" class=\"attachment-full size-full\" alt=\"\" aria-describedby=\"gallery-1-198\" srcset=\"https:\/\/leczborelioze.pl\/wp-content\/uploads\/2018\/02\/Jak-rozpozna\u0107-borelioze-wyk\u0142ad-otwarty-w-Pa\u0144stwowej-Szkole-Wy\u017cszej-w-Bia\u0142ej-Podlaskiej..jpg 690w, https:\/\/leczborelioze.pl\/wp-content\/uploads\/2018\/02\/Jak-rozpozna\u0107-borelioze-wyk\u0142ad-otwarty-w-Pa\u0144stwowej-Szkole-Wy\u017cszej-w-Bia\u0142ej-Podlaskiej.-300x130.jpg 300w\" sizes=\"(max-width: 690px) 100vw, 690px\" \/><\/a>\n\t\t\t<\/div>\n\t\t\t\t<figcaption class='wp-caption-text gallery-caption' id='gallery-1-198'>\n\t\t\t\t&#8220;Jak rozpozna\u0107 borelioz\u0119&#8221; &#8211; wyk\u0142ad otwarty w Pa\u0144stwowej Szkole Wy\u017cszej w Bia\u0142ej Podlaskiej\n\t\t\t\t<\/figcaption><\/figure>\n\t\t<\/div>\n\n<p style=\"text-align: center;\"><a href=\"http:\/\/m.biala24.pl\/artykul,nowe-spojrzenie-na-borelioze,30132\">Artyku\u0142 na portalu Bia\u0142a 24 &#8220;Nowe spojrzenie na borelioz\u0119&#8221;<\/a><\/p>\n<p style=\"text-align: center;\"><a href=\"http:\/\/www.dziennikwschodni.pl\/lublin\/coraz-wiecej-przypadkow-boreliozy-na-co-jeszcze-chorujemy-w-lubelskiem,n,1000196966.html\">Artyku\u0142 w gazecie Dziennik Wschodni &#8220;Coraz wi\u0119cej przypadk\u00f3w boreliozy. Na co jeszcze chorujemy w Lubelskiem?&#8221;<\/a><\/p>\n<p style=\"text-align: center;\"><a href=\"https:\/\/radio.lublin.pl\/news\/58fe06e183ba88013e3c9869\">Artyku\u0142 na stronie internetowej Polskiego Radia Lublin &#8220;O boreliozie ze specjalist\u0105&#8221;.<\/a><\/p>\n","protected":false},"excerpt":{"rendered":"<p>V Mi\u0119dzynarodowa Konferencja Naukoweja &#8220;LOGISTYKA\u00a0W RATOWNICTWIE&#8221;, kt\u00f3ra w 2018 roku odby\u0142a si\u0119 w Miko\u0142ajkach. Na zje\u017adzie Prof. dr hab. n. med. Agnieszka Pedrycz-Wieczorska wyg\u0142osi\u0142a wyk\u0142ad pt &#8220;Algorytm post\u0119powania po ugryzieniu przez kleszcza&#8221;. 15 Mi\u0119dzynarodowa Konferencja Biophilia Rehabilitation Conference, na kt\u00f3rej Prof. dr hab. n. med. Agnieszka Pedrycz-Wieczorska wyg\u0142osia wyk\u0142ad o tematyce zwi\u0105zanej z borelioz\u0105. Artyku\u0142<a class=\"moretag\" href=\"https:\/\/leczborelioze.pl\/index.php\/wyklady\/\"><span class=\"screen-reader-text\">Wi\u0119cej oWyk\u0142ady, artyku\u0142y<\/span>[&#8230;]<\/a><\/p>\n","protected":false},"author":1,"featured_media":0,"parent":0,"menu_order":0,"comment_status":"closed","ping_status":"closed","template":"","meta":{"footnotes":""},"_links":{"self":[{"href":"https:\/\/leczborelioze.pl\/index.php\/wp-json\/wp\/v2\/pages\/162"}],"collection":[{"href":"https:\/\/leczborelioze.pl\/index.php\/wp-json\/wp\/v2\/pages"}],"about":[{"href":"https:\/\/leczborelioze.pl\/index.php\/wp-json\/wp\/v2\/types\/page"}],"author":[{"embeddable":true,"href":"https:\/\/leczborelioze.pl\/index.php\/wp-json\/wp\/v2\/users\/1"}],"replies":[{"embeddable":true,"href":"https:\/\/leczborelioze.pl\/index.php\/wp-json\/wp\/v2\/comments?post=162"}],"version-history":[{"count":17,"href":"https:\/\/leczborelioze.pl\/index.php\/wp-json\/wp\/v2\/pages\/162\/revisions"}],"predecessor-version":[{"id":855,"href":"https:\/\/leczborelioze.pl\/index.php\/wp-json\/wp\/v2\/pages\/162\/revisions\/855"}],"wp:attachment":[{"href":"https:\/\/leczborelioze.pl\/index.php\/wp-json\/wp\/v2\/media?parent=162"}],"curies":[{"name":"wp","href":"https:\/\/api.w.org\/{rel}","templated":true}]}}